{"id":1387,"date":"2020-02-21T21:01:18","date_gmt":"2020-02-21T21:01:18","guid":{"rendered":"https:\/\/34.83.134.202\/?page_id=1387"},"modified":"2020-07-17T18:38:52","modified_gmt":"2020-07-17T18:38:52","slug":"vmi","status":"publish","type":"page","link":"https:\/\/icsvmi.com\/es\/unidades-negocio\/servicios-3pl-logistica\/vmi\/","title":{"rendered":"VMI"},"content":{"rendered":"<p class=\"has-text-align-justify translation-block\"><strong> ICS VMI Group <\/strong> tiene la capacidad de combinar diferentes materiales en una sola cadena de suministro mientras es eficiente con las entregas programadas; Generamos ahorros sustanciales en el manejo y almacenamiento a trav\u00e9s de nuestro proceso de Inventario Administrado por el Proveedor (VMI).<\/p>\n\n\n\n<figure class=\"wp-block-image alignfull size-large\"><img fetchpriority=\"high\" decoding=\"async\" width=\"1000\" height=\"562\" src=\"https:\/\/34.83.134.202\/wp-content\/uploads\/2020\/02\/vmi_1.png\" alt=\"VMI\" class=\"wp-image-1000\" srcset=\"https:\/\/icsvmi.com\/wp-content\/uploads\/2020\/02\/vmi_1.png 1000w, https:\/\/icsvmi.com\/wp-content\/uploads\/2020\/02\/vmi_1-300x169.png 300w, https:\/\/icsvmi.com\/wp-content\/uploads\/2020\/02\/vmi_1-768x432.png 768w\" sizes=\"(max-width: 1000px) 100vw, 1000px\" \/><figcaption>Inventario VMI <\/figcaption><\/figure>\n\n\n\n<p class=\"has-text-align-justify\">Nuestra infraestructura dise\u00f1ada estrat\u00e9gicamente que tiene una serie de almacenes y plantas distribuidas en diferentes partes de la ciudad, nos permite llevar inventarios combinados de diferentes proveedores. Esto, combinado con la entrega de materiales de embalaje Just in Time (JIT) y nuestro apoyo con las importaciones a trav\u00e9s de la aduana, nos permite lograr una mayor eficiencia en la log\u00edstica y ofrecer reducciones significativas de costos para el cliente final. <\/p>\n\n\n\n<h3 class=\"wp-block-heading\"> Benefits of VMI: <\/h3>\n\n\n\n<ul class=\"wp-block-list\"><li>Reduce la necesidad de mantener y administrar altos niveles de inventario dentro de la planta del cliente. El inventario del proveedor ahora se encuentra dentro del plazo de entrega de 1 hora.<\/li><li>Ahorro significativo en costos y espacio de almacenamiento.<\/li><li class=\" translation-block\"><strong> ICS VMI Group <\/strong> es responsable de gestionar los puntos de pedido, reduciendo la interrupci\u00f3n de la producci\u00f3n al pronosticar las necesidades espec\u00edficas de suministro.<\/li><li>Participaci\u00f3n directa en la importaci\u00f3n de materiales, proporcionando ahorros transaccionales especializados y \u00fanicos.<\/li><li>Optimizaci\u00f3n de la cadena de entregas de materiales y soporte de la normativa aduanera correspondiente.<\/li><\/ul>\n\n\n\n<p class=\"has-text-align-justify translation-block\"><strong>ICS VMI Group<\/strong> ha elegido mantener alianzas estrat\u00e9gicas con m\u00faltiples proveedores para trabajar directamente en los requisitos del cliente, creando una soluci\u00f3n \u00fanica que garantiza la entrega oportuna y eficiente del producto en M\u00e9xico.<\/p>\n\n\n\n<p class=\"has-text-align-justify\">Nuestro objetivo es producir ahorros para lograr la excelencia operativa a trav\u00e9s de la consolidaci\u00f3n de proveedores premium y la optimizaci\u00f3n del transporte y la Aduana, superando las expectativas de cada uno de nuestros clientes con ahorros y eficiencias.<\/p>\n\n\n\n<p class=\"has-text-align-justify translation-block\"><strong> ICS VMI Group <\/strong> tiene ubicaciones exclusivas para manejar altos requisitos de almacenamiento y soporte VMI o JIT, nuestra infraestructura de TI nos permite operar como una ubicaci\u00f3n externa dentro de los sistemas de inventario del cliente.<\/p>","protected":false},"excerpt":{"rendered":"<p>ICS VMI Group has the ability to combine different materials in a single supply chain while being efficient with scheduled deliveries; We generate substantial savings<a href=\"https:\/\/icsvmi.com\/es\/unidades-negocio\/servicios-3pl-logistica\/vmi\/\" class=\"more-link\">Ver m\u00e1s<\/a><\/p>","protected":false},"author":1,"featured_media":1000,"parent":591,"menu_order":1,"comment_status":"closed","ping_status":"closed","template":"","meta":{"footnotes":""},"class_list":["post-1387","page","type-page","status-publish","has-post-thumbnail","hentry"],"_links":{"self":[{"href":"https:\/\/icsvmi.com\/es\/wp-json\/wp\/v2\/pages\/1387","targetHints":{"allow":["GET"]}}],"collection":[{"href":"https:\/\/icsvmi.com\/es\/wp-json\/wp\/v2\/pages"}],"about":[{"href":"https:\/\/icsvmi.com\/es\/wp-json\/wp\/v2\/types\/page"}],"author":[{"embeddable":true,"href":"https:\/\/icsvmi.com\/es\/wp-json\/wp\/v2\/users\/1"}],"replies":[{"embeddable":true,"href":"https:\/\/icsvmi.com\/es\/wp-json\/wp\/v2\/comments?post=1387"}],"version-history":[{"count":1,"href":"https:\/\/icsvmi.com\/es\/wp-json\/wp\/v2\/pages\/1387\/revisions"}],"predecessor-version":[{"id":3184,"href":"https:\/\/icsvmi.com\/es\/wp-json\/wp\/v2\/pages\/1387\/revisions\/3184"}],"up":[{"embeddable":true,"href":"https:\/\/icsvmi.com\/es\/wp-json\/wp\/v2\/pages\/591"}],"wp:featuredmedia":[{"embeddable":true,"href":"https:\/\/icsvmi.com\/es\/wp-json\/wp\/v2\/media\/1000"}],"wp:attachment":[{"href":"https:\/\/icsvmi.com\/es\/wp-json\/wp\/v2\/media?parent=1387"}],"curies":[{"name":"wp","href":"https:\/\/api.w.org\/{rel}","templated":true}]}}