{"id":455,"date":"2020-01-29T18:26:43","date_gmt":"2020-01-29T18:26:43","guid":{"rendered":"https:\/\/34.83.134.202\/?page_id=455"},"modified":"2024-07-09T21:53:12","modified_gmt":"2024-07-09T21:53:12","slug":"manufacturing-of-corrugated-cardboard-boxes","status":"publish","type":"page","link":"https:\/\/icsvmi.com\/es\/unidades-negocio\/manofactura-diseno-carton-corrugado\/","title":{"rendered":"Manufactura de Cajas de Cart\u00f3n Corrugado"},"content":{"rendered":"<p class=\"has-text-align-justify\"><strong><strong>ICS VMI Group<\/strong> <\/strong>fabrica cualquier tipo de empaque de cart\u00f3n corrugado de acuerdo a sus necesidades y\/o especificaciones.  Ofrecemos una l\u00ednea completa de soluciones personalizadas de fabricaci\u00f3n y ensamble de cajas; nuestra estructura independiente  nos permite obtener materias prima de alta calidad de diversas fuentes nacionales e internacionales, seg\u00fan los requerimientos de nuestros clientes, ofreciendo tiempos de entrega m\u00e1s r\u00e1pidas y eficientes del mercado.<\/p>\n\n\n\n<p class=\" translation-block\">Nuestro servicio \u00fanico de log\u00edstica de empaque es claro y comprende desde el primer acercamiento hasta un soporte post-venta de calidad.<strong> ICS VMI Group<\/strong> tiene capacidades de fabricaci\u00f3n directa por su ubicaci\u00f3n estrat\u00e9gica en la zona fronteriza de \u200b\u200b<a href=\"https:\/\/34.83.134.202\/ubicacion\/main-office\/\" target=\"_self\">Ciudad Ju\u00e1rez<\/a> y <a href=\"https:\/\/34.83.134.202\/ubicacion\/raw-material-distribution-management-el-paso-tx\/\" target=\"_self\">El Paso, Tx<\/a>. adem\u00e1s de contar con oficinas corporativas en <a href=\"https:\/\/34.83.134.202\/ubicacion\/cardboard-factory-derivatives-monterrey\/\" target=\"_self\">Monterrey<\/a> y <a href=\"https:\/\/34.83.134.202\/ubicacion\/storage-distribution-center-chihuahua\/\" target=\"_self\">Chihuahua, M\u00e9xico<\/a>.<\/p>\n\n\n\n<p>At<strong> ICS VMI Group <\/strong>En <strong>ICS VMI Group<\/strong> ofrecemos soluciones de un \u201cun solo paso\u201d con una amplia gama de productos y servicios \u00fanicos pero correlacionados  entre s\u00ed para ofrecer una sinergia de ahorros sustanciales y demostrativos en costos para nuestros clientes. Nuestro departamento de ingenier\u00eda, expertos en diversas plataformas garantizan el desarrollo de soluciones innovadoras de alta resistencia para la protecci\u00f3n de tus productos cuidando tu presupuesto.<br><br><\/p>\n\n\n\n<h2 class=\"wp-block-heading\">M\u00e1s de 20 a\u00f1os de experiencia en fabricaci\u00f3n  nos permite ofrecerte gran variedad de materiales:<\/h2>\n\n\n\n<ul class=\"wp-block-list\">\n<li>Cajas y contenedores de cart\u00f3n corrugado en pared sencilla, doble o triple.<\/li>\n\n\n\n<li>Piezas de empaque interior de cart\u00f3n corrugado.<\/li>\n\n\n\n<li>Opciones de impresi\u00f3n diversificadas. Impresi\u00f3n directa flexogr\u00e1fica; laminados lito e impresi\u00f3n digital.<\/li>\n\n\n\n<li>Suajes y Ensambles.<\/li>\n\n\n\n<li>Insertos y Particiones.<\/li>\n\n\n\n<li>Contenedores HDPE.<\/li>\n\n\n\n<li>Contenedores de Polipropileno.<\/li>\n\n\n\n<li>Contenedores de papeles recubiertos especiales.<\/li>\n\n\n\n<li>Bolsas de polietileno y similares.<\/li>\n\n\n\n<li>Insertos y suajes de foam.<\/li>\n\n\n\n<li>Tableros de esquina y suministros de embalaje.<\/li>\n\n\n\n<li>Proyectos de reelaboraci\u00f3n y montaje.<\/li>\n\n\n\n<li>Paletas de madera y cart\u00f3n corrugado.<\/li>\n\n\n\n<li>Premontaje de embalajes personalizados y servicios de kits.<\/li>\n<\/ul>\n\n\n\n<h2 class=\"wp-block-heading\">Dentro de nuestros servicios de producci\u00f3n de empaques en cart\u00f3n corrugado, contamos con:<\/h2>\n\n\n\n<ul class=\"wp-block-list\">\n<li>Entregas en el mismo d\u00eda  para clientes locales.\u00a0<\/li>\n\n\n\n<li>Somos conocidos por tener el cambio de orden de producci\u00f3n m\u00e1s r\u00e1pido en el mercado<\/li>\n\n\n\n<li>Fabricaci\u00f3n de Empaques; asesor\u00eda en \nnuevos proyectos de empaques y soluciones<\/li>\n\n\n\n<li>Montaje de kits; combinando m\u00faltiples elementos en un conjunto.<\/li>\n\n\n\n<li>Almacenaje en M\u00e9xico; m\u00faltiples localizaciones.<\/li>\n\n\n\n<li>Gesti\u00f3n especializada con inventarios VMI y JIT.<\/li>\n\n\n\n<li>Recuperaci\u00f3n de materiales para reciclaje o reacondicionamiento.<\/li>\n<\/ul>\n\n\n\n<p class=\"has-text-align-justify translation-block\"><strong>ICS VMI Group<\/strong> tiene la capacidad de cubrir cualquier necesidad en empaque y contenedores de cart\u00f3n, pl\u00e1stico o madera, con producci\u00f3n y entrega hasta de una hora para clientes locales. Contamos con una amplia flotilla y \u00e1reas de log\u00edstica consolidada para realizar entregas en tiempo y forma a los requisitos de nuestros clientes de manofactura.<\/p>","protected":false},"excerpt":{"rendered":"<p>ICS VMI Group manufactures and adapts any type of need in corrugated cardboard package in accordance to your needs and specifications. We offer a complete<a href=\"https:\/\/icsvmi.com\/es\/unidades-negocio\/manofactura-diseno-carton-corrugado\/\" class=\"more-link\">Ver m\u00e1s<\/a><\/p>","protected":false},"author":1,"featured_media":914,"parent":965,"menu_order":0,"comment_status":"closed","ping_status":"closed","template":"","meta":{"footnotes":""},"class_list":["post-455","page","type-page","status-publish","has-post-thumbnail","hentry"],"_links":{"self":[{"href":"https:\/\/icsvmi.com\/es\/wp-json\/wp\/v2\/pages\/455","targetHints":{"allow":["GET"]}}],"collection":[{"href":"https:\/\/icsvmi.com\/es\/wp-json\/wp\/v2\/pages"}],"about":[{"href":"https:\/\/icsvmi.com\/es\/wp-json\/wp\/v2\/types\/page"}],"author":[{"embeddable":true,"href":"https:\/\/icsvmi.com\/es\/wp-json\/wp\/v2\/users\/1"}],"replies":[{"embeddable":true,"href":"https:\/\/icsvmi.com\/es\/wp-json\/wp\/v2\/comments?post=455"}],"version-history":[{"count":3,"href":"https:\/\/icsvmi.com\/es\/wp-json\/wp\/v2\/pages\/455\/revisions"}],"predecessor-version":[{"id":9429,"href":"https:\/\/icsvmi.com\/es\/wp-json\/wp\/v2\/pages\/455\/revisions\/9429"}],"up":[{"embeddable":true,"href":"https:\/\/icsvmi.com\/es\/wp-json\/wp\/v2\/pages\/965"}],"wp:featuredmedia":[{"embeddable":true,"href":"https:\/\/icsvmi.com\/es\/wp-json\/wp\/v2\/media\/914"}],"wp:attachment":[{"href":"https:\/\/icsvmi.com\/es\/wp-json\/wp\/v2\/media?parent=455"}],"curies":[{"name":"wp","href":"https:\/\/api.w.org\/{rel}","templated":true}]}}