{"id":591,"date":"2020-01-31T19:19:27","date_gmt":"2020-01-31T19:19:27","guid":{"rendered":"https:\/\/34.83.134.202\/?page_id=591"},"modified":"2020-07-17T18:36:25","modified_gmt":"2020-07-17T18:36:25","slug":"logistics-3pl-services","status":"publish","type":"page","link":"https:\/\/icsvmi.com\/es\/unidades-negocio\/servicios-3pl-logistica\/","title":{"rendered":"Log\u00edstica y servicios 3PL"},"content":{"rendered":"<p class=\"has-text-align-justify translation-block\">Nuestros sistemas log\u00edsticos incluyen entregas Just in Time (J.I.T.), Kan-Ban y programas VMI para entregas en M\u00e9xico, manteniendo un flujo eficiente enfocado en reducir los costos para cada uno de nuestros clientes. <strong>ICS VMI Group<\/strong> posee y administra una flotilla de m\u00e1s de 200 trailers que se mueven constantemente de un lado a otro de la frontera debidamente certificados por las autoridades mexicanas que permiten que <strong>ICS VMI Group<\/strong> ofrezca un cruce de frontera acelerado veces.<\/p>\n\n\n\n<figure class=\"wp-block-image alignfull size-full\"><img fetchpriority=\"high\" decoding=\"async\" width=\"1000\" height=\"667\" src=\"https:\/\/34.83.134.202\/wp-content\/uploads\/2020\/02\/logistics_1.png\" alt=\"\" class=\"wp-image-1003\" srcset=\"https:\/\/icsvmi.com\/wp-content\/uploads\/2020\/02\/logistics_1.png 1000w, https:\/\/icsvmi.com\/wp-content\/uploads\/2020\/02\/logistics_1-300x200.png 300w, https:\/\/icsvmi.com\/wp-content\/uploads\/2020\/02\/logistics_1-768x512.png 768w\" sizes=\"(max-width: 1000px) 100vw, 1000px\" \/><\/figure>\n\n\n\n<p class=\" translation-block\">Sabemos la importancia de mantener una cadena de suministro eficiente y lo que implica en los gastos operativos y los costos de transporte. <strong>ICS VMI Group<\/strong> ser\u00e1 su aliado centrado en buscar mejoras de las necesidades de cada uno de nuestros clientes en la cadena de suministro internacional.<\/p>\n\n\n\n<p class=\"has-text-align-justify translation-block\">Tenemos un departamento de aduanas interno, adem\u00e1s de <a href=\"https:\/\/www.cbp.gov\/border-security\/ports-entry\/cargo-security\/ctpat\" target=\"_ self\" rel=\"noreferrer noopener\">C-TPAT<\/a> y <a href=\"http:\/\/omawww.sat.gob.mx\/comext\/esquema_integral\/Paginas\/OEA.aspx\" target=\"_self\" rel=\"noreferrer noopener\">OEA <\/a> certificaciones, que garantizan nuestra experiencia operativa para ofrecer soporte personalizado de reacci\u00f3n r\u00e1pida, asegurando que el producto llegue a tiempo y de acuerdo con nuestra promesa de servicio.<\/p>\n\n\n\n<h3 class=\"wp-block-heading\"> Dentro del \u00e1rea de log\u00edstica apoyamos estrat\u00e9gicamente: <\/h3>\n\n\n\n<ul class=\"wp-block-list\"><li>Procesos de env\u00edo gestionados.<\/li><li>Log\u00edstica inversa gestionada cuando sea necesario.<\/li><li>Soporte in situ y capacidad de almacenamiento.<\/li><li>Sistema de almacenamiento con metodolog\u00edas VMI, KAN-Ban y JIT.<\/li><li>Importaci\u00f3n y exportaci\u00f3n acelerada de bienes o materiales debido a nuestra posici\u00f3n especial con el gobierno mexicano.<\/li><\/ul>\n\n\n\n<h2 class=\"wp-block-heading\">Tenemos presencia en:<\/h2>\n\n\n\n<ul class=\"wp-block-list\"><li>Ciudad Ju\u00e1rez, Chih.<\/li><li><a href=\"https:\/\/34.83.134.202\/locations\/storage-distribution-center-chihuahua\/\">Chihuahua, Chih.<\/a><\/li><li><a href=\"https:\/\/34.83.134.202\/locations\/raw-material-distribution-management-el-paso-tx\/\">El Paso, Tx.<\/a><\/li><li>Chihuahua&nbsp;<\/li><li><a href=\"https:\/\/34.83.134.202\/locations\/cardboard-factory-derivatives-monterrey\/\">Monterrey&nbsp;<\/a><\/li><\/ul>\n\n\n\n<h2 class=\"wp-block-heading\">Nuestras capacidades tienen un alcance territorial a:<\/h2>\n\n\n\n<ul class=\"wp-block-list\"><li>Baja California<\/li><li>Sonora<\/li><li>Nuevo Le\u00f3n<\/li><li>Jalisco<\/li><li>Tamaulipas<\/li><li>Guanajuato<\/li><li>Queretaro<\/li><li>Aguascalientes<\/li><li>Puebla<\/li><li>San Luis Potos\u00ed<\/li><li>Coahuila<\/li><\/ul>","protected":false},"excerpt":{"rendered":"<p>Our logistics systems include Just in Time deliveries (J.I.T.), Kan-Ban and VMI programs for deliveries in Mexico, maintaining an efficient flow focused on reducing costs<a href=\"https:\/\/icsvmi.com\/es\/unidades-negocio\/servicios-3pl-logistica\/\" class=\"more-link\">Ver m\u00e1s<\/a><\/p>","protected":false},"author":1,"featured_media":599,"parent":965,"menu_order":2,"comment_status":"closed","ping_status":"closed","template":"","meta":{"footnotes":""},"class_list":["post-591","page","type-page","status-publish","has-post-thumbnail","hentry"],"_links":{"self":[{"href":"https:\/\/icsvmi.com\/es\/wp-json\/wp\/v2\/pages\/591","targetHints":{"allow":["GET"]}}],"collection":[{"href":"https:\/\/icsvmi.com\/es\/wp-json\/wp\/v2\/pages"}],"about":[{"href":"https:\/\/icsvmi.com\/es\/wp-json\/wp\/v2\/types\/page"}],"author":[{"embeddable":true,"href":"https:\/\/icsvmi.com\/es\/wp-json\/wp\/v2\/users\/1"}],"replies":[{"embeddable":true,"href":"https:\/\/icsvmi.com\/es\/wp-json\/wp\/v2\/comments?post=591"}],"version-history":[{"count":1,"href":"https:\/\/icsvmi.com\/es\/wp-json\/wp\/v2\/pages\/591\/revisions"}],"predecessor-version":[{"id":3183,"href":"https:\/\/icsvmi.com\/es\/wp-json\/wp\/v2\/pages\/591\/revisions\/3183"}],"up":[{"embeddable":true,"href":"https:\/\/icsvmi.com\/es\/wp-json\/wp\/v2\/pages\/965"}],"wp:featuredmedia":[{"embeddable":true,"href":"https:\/\/icsvmi.com\/es\/wp-json\/wp\/v2\/media\/599"}],"wp:attachment":[{"href":"https:\/\/icsvmi.com\/es\/wp-json\/wp\/v2\/media?parent=591"}],"curies":[{"name":"wp","href":"https:\/\/api.w.org\/{rel}","templated":true}]}}