{"id":595,"date":"2020-01-31T19:21:24","date_gmt":"2020-01-31T19:21:24","guid":{"rendered":"https:\/\/34.83.134.202\/?page_id=595"},"modified":"2020-07-17T18:44:43","modified_gmt":"2020-07-17T18:44:43","slug":"warehousing","status":"publish","type":"page","link":"https:\/\/icsvmi.com\/es\/unidades-negocio\/servicios-3pl-logistica\/manejo-inventarios\/","title":{"rendered":"Almacenamiento"},"content":{"rendered":"<p class=\"has-text-align-justify\"><strong>ICS VMI Group<\/strong> <strong> ICS VMI Group <\/strong> ofrece soluciones de entrega y gesti\u00f3n de inventario enfocadas en reducir costos y optimizar la cadena de suministro de nuestros clientes para entregas en M\u00e9xico. Tenemos un amplio stock de materias primas y productos terminados para cubrir cualquier necesidad de entrega, evitando que nuestros clientes tengan que mantener su almac\u00e9n lleno de cart\u00f3n y otros tipos de productos de embalaje.<\/p>\n\n\n\n<figure class=\"wp-block-image alignfull size-large\"><img fetchpriority=\"high\" decoding=\"async\" width=\"658\" height=\"358\" src=\"https:\/\/34.83.134.202\/wp-content\/uploads\/2020\/01\/Pasillos1_t658.jpg\" alt=\"\" class=\"wp-image-122\" srcset=\"https:\/\/icsvmi.com\/wp-content\/uploads\/2020\/01\/Pasillos1_t658.jpg 658w, https:\/\/icsvmi.com\/wp-content\/uploads\/2020\/01\/Pasillos1_t658-300x163.jpg 300w\" sizes=\"(max-width: 658px) 100vw, 658px\" \/><\/figure>\n\n\n\n<p class=\"has-text-align-justify translation-block\">Nuestra experiencia y estructura organizativa nos han permitido administrar eficientemente las necesidades de suministro de cada uno de nuestros clientes con varias plantas industriales en M\u00e9xico. En <strong> ICS VMI Group <\/strong> podemos trabajar con sus diferentes proveedores para combinar entregas en M\u00e9xico con nuestras entregas diarias de envases, reduciendo as\u00ed la cantidad de camiones entrantes y el papeleo innecesario y los costos asociados.<\/p>\n\n\n\n<p class=\"has-text-align-justify translation-block\"><strong> ICS VMI Group <\/strong> tiene una capacidad de distribuci\u00f3n de envases de hasta una hora o al d\u00eda siguiente para clientes locales, con entregas oportunas en cart\u00f3n, pl\u00e1stico o materiales de madera con m\u00e1s de 200 remolques regulados por <a> C-TPAT <\/a> y <a> certificaciones OEA <\/a>. Nuestras plantas han sido dise\u00f1adas y enfocadas en la mejora continua de las cadenas de suministro que ayudan a reducir los costos de almacenamiento, combinando m\u00faltiples productos y proveedores en un flujo coordinado.<\/p>","protected":false},"excerpt":{"rendered":"<p>ICS VMI Group offers delivery and warehousing solutions focused on reducing costs and optimizing our customer\u2019s supply chain for deliveries in Mexico. We have a<a href=\"https:\/\/icsvmi.com\/es\/unidades-negocio\/servicios-3pl-logistica\/manejo-inventarios\/\" class=\"more-link\">Ver m\u00e1s<\/a><\/p>","protected":false},"author":1,"featured_media":603,"parent":591,"menu_order":2,"comment_status":"closed","ping_status":"closed","template":"","meta":{"footnotes":""},"class_list":["post-595","page","type-page","status-publish","has-post-thumbnail","hentry"],"_links":{"self":[{"href":"https:\/\/icsvmi.com\/es\/wp-json\/wp\/v2\/pages\/595","targetHints":{"allow":["GET"]}}],"collection":[{"href":"https:\/\/icsvmi.com\/es\/wp-json\/wp\/v2\/pages"}],"about":[{"href":"https:\/\/icsvmi.com\/es\/wp-json\/wp\/v2\/types\/page"}],"author":[{"embeddable":true,"href":"https:\/\/icsvmi.com\/es\/wp-json\/wp\/v2\/users\/1"}],"replies":[{"embeddable":true,"href":"https:\/\/icsvmi.com\/es\/wp-json\/wp\/v2\/comments?post=595"}],"version-history":[{"count":1,"href":"https:\/\/icsvmi.com\/es\/wp-json\/wp\/v2\/pages\/595\/revisions"}],"predecessor-version":[{"id":3185,"href":"https:\/\/icsvmi.com\/es\/wp-json\/wp\/v2\/pages\/595\/revisions\/3185"}],"up":[{"embeddable":true,"href":"https:\/\/icsvmi.com\/es\/wp-json\/wp\/v2\/pages\/591"}],"wp:featuredmedia":[{"embeddable":true,"href":"https:\/\/icsvmi.com\/es\/wp-json\/wp\/v2\/media\/603"}],"wp:attachment":[{"href":"https:\/\/icsvmi.com\/es\/wp-json\/wp\/v2\/media?parent=595"}],"curies":[{"name":"wp","href":"https:\/\/api.w.org\/{rel}","templated":true}]}}