{"id":606,"date":"2020-01-31T19:33:37","date_gmt":"2020-01-31T19:33:37","guid":{"rendered":"https:\/\/34.83.134.202\/?page_id=606"},"modified":"2020-07-17T18:57:52","modified_gmt":"2020-07-17T18:57:52","slug":"handling-maintenance-returnable-containers","status":"publish","type":"page","link":"https:\/\/icsvmi.com\/es\/unidades-negocio\/manejo-mantenimiento-contenedores-retornables\/","title":{"rendered":"Manejo y mantenimiento de contenedores retornables"},"content":{"rendered":"<p>Nuestras operaciones cubren desde la fabricaci\u00f3n original del contenedor, la cadena de suministro y de recuperaci\u00f3n de las mismas, su reparaci\u00f3n,limpieza y almacenamiento hasta que vuelva a reincorporarse al LOOP de suministro.<\/p>\n\n\n\n<figure class=\"wp-block-image alignfull size-full\"><img fetchpriority=\"high\" decoding=\"async\" width=\"1000\" height=\"667\" src=\"https:\/\/34.83.134.202\/wp-content\/uploads\/2020\/03\/returnable_1.png\" alt=\"\" class=\"wp-image-1586\" srcset=\"https:\/\/icsvmi.com\/wp-content\/uploads\/2020\/03\/returnable_1.png 1000w, https:\/\/icsvmi.com\/wp-content\/uploads\/2020\/03\/returnable_1-300x200.png 300w, https:\/\/icsvmi.com\/wp-content\/uploads\/2020\/03\/returnable_1-768x512.png 768w\" sizes=\"(max-width: 1000px) 100vw, 1000px\" \/><figcaption>Contenedores retornables de ICS VMI Group<\/figcaption><\/figure>\n\n\n\n<p class=\"has-text-align-justify translation-block\"><strong>ICS VMI Group<\/strong> tiene la capacidad de fabricar y suministrar contenedores espec\u00edficos en materiales: HDPE, polipropileno, cart\u00f3n y papeles especiales recubiertos que cumplan con todos los requerimientos del cliente.<\/p>\n\n\n\n<h2 class=\"wp-block-heading\">Soluci\u00f3n<\/h2>\n\n\n\n<p class=\"has-text-align-justify\">Este servicio puede existir en modalidad de uso interno en el sitio de la planta o para la manipulaci\u00f3n, almacenamiento, selecci\u00f3n y embalaje en entregas nacionales e internacionales entre el cliente y sus proveedores, o a cliente final .<\/p>\n\n\n\n<h3 class=\"wp-block-heading\"> Los beneficios que se pueden obtener mediante el uso de contenedores reutilizables incluyen: <\/h3>\n\n\n\n<ul class=\"wp-block-list\"><li>Mejor calidad y resistencia de los materiales.<\/li><li>Reducci\u00f3n de costos de transporte; almacenamiento, reparaci\u00f3n y limpieza.<\/li><li>Impermeabilidad.<\/li><li>Cumple con objetivos de mejoramiento Ambiental.<\/li><li>Estructura ligera, colapsable y con dise\u00f1os innovadores<\/li><li>Ahorros sustanciales comparados con empaques desechables (expendable) o de un solo uso.<\/li><\/ul>\n\n\n\n<p class=\"has-text-align-justify translation-block\">El programa de manejo de retornables <strong>ICS VMI Group<\/strong> proporciona un elemento \u00fanico dentro de la industria manufacturera de empaques, otorgamos una soluci\u00f3n completa que va de la mano con el mantenimiento de los materiales para reforzar su periodo de vida. Nuestros est\u00e1ndares de calidad y trayectoria nos ha permitido contar con instalaciones y maquinaria especializada de altas capacidades para alargar el periodo  \u00fatil de tus empaques.<\/p>\n\n\n\n<h3 class=\"wp-block-heading\">Programa de Retornables<strong>:<\/strong><\/h3>\n\n\n\n<p>Las operaciones incluyen un proceso de limpieza exhaustivo en contenedores retornables para incorporarlos nuevamente a tu cadena de suministro, tales como:<\/p>\n\n\n\n<ul class=\"wp-block-list\"><li>Gestionar la limpieza, etiquetado y reparaci\u00f3n.<\/li><li>Proporcionar transporte, alquiler de remolques y control de inventario.<\/li><li>Reposici\u00f3n autom\u00e1tica de acuerdo con los niveles m\u00ednimos y m\u00e1ximos acordados.<\/li><li>Suministro temporal de emergencia de contenedores alternativos para cubrir el uso imprevisto de los contenedores.<\/li><li>Manejo de todas las declaraciones de aduanas apropiadas en ambos lados de la frontera<\/li><li>Soluci\u00f3n llave en mano que maneja todos los aspectos del suministro y recuperaci\u00f3n de casos<\/li><\/ul>","protected":false},"excerpt":{"rendered":"<p>Our operations cover the original manufacture of the container, the chain of supply and its recovery, repair, cleaning and storage until it returns to the<a href=\"https:\/\/icsvmi.com\/es\/unidades-negocio\/manejo-mantenimiento-contenedores-retornables\/\" class=\"more-link\">Ver m\u00e1s<\/a><\/p>","protected":false},"author":1,"featured_media":999,"parent":965,"menu_order":4,"comment_status":"closed","ping_status":"closed","template":"","meta":{"footnotes":""},"class_list":["post-606","page","type-page","status-publish","has-post-thumbnail","hentry"],"_links":{"self":[{"href":"https:\/\/icsvmi.com\/es\/wp-json\/wp\/v2\/pages\/606","targetHints":{"allow":["GET"]}}],"collection":[{"href":"https:\/\/icsvmi.com\/es\/wp-json\/wp\/v2\/pages"}],"about":[{"href":"https:\/\/icsvmi.com\/es\/wp-json\/wp\/v2\/types\/page"}],"author":[{"embeddable":true,"href":"https:\/\/icsvmi.com\/es\/wp-json\/wp\/v2\/users\/1"}],"replies":[{"embeddable":true,"href":"https:\/\/icsvmi.com\/es\/wp-json\/wp\/v2\/comments?post=606"}],"version-history":[{"count":1,"href":"https:\/\/icsvmi.com\/es\/wp-json\/wp\/v2\/pages\/606\/revisions"}],"predecessor-version":[{"id":3187,"href":"https:\/\/icsvmi.com\/es\/wp-json\/wp\/v2\/pages\/606\/revisions\/3187"}],"up":[{"embeddable":true,"href":"https:\/\/icsvmi.com\/es\/wp-json\/wp\/v2\/pages\/965"}],"wp:featuredmedia":[{"embeddable":true,"href":"https:\/\/icsvmi.com\/es\/wp-json\/wp\/v2\/media\/999"}],"wp:attachment":[{"href":"https:\/\/icsvmi.com\/es\/wp-json\/wp\/v2\/media?parent=606"}],"curies":[{"name":"wp","href":"https:\/\/api.w.org\/{rel}","templated":true}]}}