{"id":613,"date":"2020-01-31T19:38:41","date_gmt":"2020-01-31T19:38:41","guid":{"rendered":"https:\/\/34.83.134.202\/?page_id=613"},"modified":"2020-07-17T18:56:19","modified_gmt":"2020-07-17T18:56:19","slug":"recycling-waste-management","status":"publish","type":"page","link":"https:\/\/icsvmi.com\/es\/unidades-negocio\/reciclaje-manejo-desecho\/","title":{"rendered":"Reciclaje y Manejo de Desecho"},"content":{"rendered":"<p class=\"has-text-align-justify translation-block\">Nos hemos especializado en la gesti\u00f3n, compra y venta de materiales reciclables; Brindamos soluciones que nos permiten asumir las responsabilidades de cumplir con todos los informes y requisitos correspondientes a <a href=\"https:\/\/www.cbp.gov\/\" target=\"_self\"> US <\/a> y <a href=\"http:\/\/omawww.sat.gob.mx\/aduanasPortal\/Paginas\/index.html#!\/\" target=\"_ self\"> aduanas mexicanas <\/a>.<\/p>\n\n\n\n<figure class=\"wp-block-image alignfull size-full\"><img fetchpriority=\"high\" decoding=\"async\" width=\"1001\" height=\"669\" src=\"https:\/\/34.83.134.202\/wp-content\/uploads\/2020\/02\/recycling_2.jpg\" alt=\"\" class=\"wp-image-991\" srcset=\"https:\/\/icsvmi.com\/wp-content\/uploads\/2020\/02\/recycling_2.jpg 1001w, https:\/\/icsvmi.com\/wp-content\/uploads\/2020\/02\/recycling_2-300x200.jpg 300w, https:\/\/icsvmi.com\/wp-content\/uploads\/2020\/02\/recycling_2-768x513.jpg 768w\" sizes=\"(max-width: 1001px) 100vw, 1001px\" \/><figcaption><em>Manejo Eficiente de Desechos<\/em><\/figcaption><\/figure>\n\n\n\n<p>We have specialized in the management, purchase and sale of recyclable materials; We provide solutions that allow us to assume the responsibilities of being in compliance with all reports and requirements corresponding to <a href=\"https:\/\/www.cbp.gov\/\">US<\/a> and <a href=\"http:\/\/omawww.sat.gob.mx\/aduanasPortal\/Paginas\/index.html#!\/\">Mexican<\/a> customs. <\/p>\n\n\n\n<h2 class=\"wp-block-heading\">Especialidades en el Manejo de Desecho<\/h2>\n\n\n\n<figure class=\"wp-block-image alignfull size-large\"><img decoding=\"async\" width=\"1001\" height=\"669\" src=\"https:\/\/34.83.134.202\/wp-content\/uploads\/2020\/02\/recycling_1.jpg\" alt=\"\" class=\"wp-image-990\" srcset=\"https:\/\/icsvmi.com\/wp-content\/uploads\/2020\/02\/recycling_1.jpg 1001w, https:\/\/icsvmi.com\/wp-content\/uploads\/2020\/02\/recycling_1-300x200.jpg 300w, https:\/\/icsvmi.com\/wp-content\/uploads\/2020\/02\/recycling_1-768x513.jpg 768w\" sizes=\"(max-width: 1001px) 100vw, 1001px\" \/><\/figure>\n\n\n\n<p class=\"has-text-align-justify translation-block\">En <strong>ICS VMI Group<\/strong> tenemos la capacidad de ofrecer a nuestros clientes productos manufacturados en combinaci\u00f3n con materiales reciclados; utilizando como punto de partida las normas de calidad, capacitaci\u00f3n constante del personal y el proceso evolutivo de innovaci\u00f3n en el que se encuentra nuestra \u00e1rea de producci\u00f3n.<\/p>\n\n\n\n<p class=\"has-text-align-justify\">Con nuestro programa de reciclaje, contamos con maquinaria y sistemas de recuperaci\u00f3n de los materiales de empaque sobrante de nuestros clientes para analizarlos y presentar  nuevas oportunidades que mejoren la eficacia y reutilizaci\u00f3n de materiales, convirti\u00e9ndonos en l\u00edderes de la econom\u00eda de reciclables.<\/p>","protected":false},"excerpt":{"rendered":"<p>As part of our philosophy and environmental concern, ICS VMI Group actively participates in the management of reverse logistics for the recovery of recyclable materials<a href=\"https:\/\/icsvmi.com\/es\/unidades-negocio\/reciclaje-manejo-desecho\/\" class=\"more-link\">Ver m\u00e1s<\/a><\/p>","protected":false},"author":1,"featured_media":601,"parent":965,"menu_order":3,"comment_status":"closed","ping_status":"closed","template":"","meta":{"footnotes":""},"class_list":["post-613","page","type-page","status-publish","has-post-thumbnail","hentry"],"_links":{"self":[{"href":"https:\/\/icsvmi.com\/es\/wp-json\/wp\/v2\/pages\/613","targetHints":{"allow":["GET"]}}],"collection":[{"href":"https:\/\/icsvmi.com\/es\/wp-json\/wp\/v2\/pages"}],"about":[{"href":"https:\/\/icsvmi.com\/es\/wp-json\/wp\/v2\/types\/page"}],"author":[{"embeddable":true,"href":"https:\/\/icsvmi.com\/es\/wp-json\/wp\/v2\/users\/1"}],"replies":[{"embeddable":true,"href":"https:\/\/icsvmi.com\/es\/wp-json\/wp\/v2\/comments?post=613"}],"version-history":[{"count":1,"href":"https:\/\/icsvmi.com\/es\/wp-json\/wp\/v2\/pages\/613\/revisions"}],"predecessor-version":[{"id":3186,"href":"https:\/\/icsvmi.com\/es\/wp-json\/wp\/v2\/pages\/613\/revisions\/3186"}],"up":[{"embeddable":true,"href":"https:\/\/icsvmi.com\/es\/wp-json\/wp\/v2\/pages\/965"}],"wp:featuredmedia":[{"embeddable":true,"href":"https:\/\/icsvmi.com\/es\/wp-json\/wp\/v2\/media\/601"}],"wp:attachment":[{"href":"https:\/\/icsvmi.com\/es\/wp-json\/wp\/v2\/media?parent=613"}],"curies":[{"name":"wp","href":"https:\/\/api.w.org\/{rel}","templated":true}]}}