{"id":980,"date":"2020-02-07T07:06:31","date_gmt":"2020-02-07T07:06:31","guid":{"rendered":"https:\/\/34.83.134.202\/?page_id=980"},"modified":"2026-04-02T06:07:43","modified_gmt":"2026-04-02T06:07:43","slug":"wood-and-cardboard-pallets","status":"publish","type":"page","link":"https:\/\/icsvmi.com\/es\/unidades-negocio\/tarimas-madera-carton\/","title":{"rendered":"Tarimas de Madera y Cart\u00f3n"},"content":{"rendered":"<p class=\"has-text-align-justify translation-block\">El uso de tarimas de madera es esencial en el comercio internacional para el movimiento y protecci\u00f3n de bienes y mercanc\u00edas, por ello <strong>ICS VMI Group Pallets<\/strong> te da la seguridad de recibir tarimas de alta calidad reguladas por la certificaci\u00f3n de la Norma Oficial Mexicana <a href=\"https:\/\/www.gob.mx\/profepa\/documentos\/norma-oficial-mexicana-nom-144-semarnat-2012\" target=\"_self\">NOM-144-SEMARNAT-2017<\/a> en la cual se establecen las medidas fitosanitarias y requisitos de materiales premium a nivel internacional para las operaciones de importacion y exportacion de mercancia en materiales de madera.<\/p>\n\n\n\n<figure class=\"wp-block-image alignfull size-large\"><img fetchpriority=\"high\" decoding=\"async\" width=\"1024\" height=\"575\" src=\"https:\/\/34.83.134.202\/wp-content\/uploads\/2020\/02\/IMG_7538-1024x575.jpg\" alt=\"\" class=\"wp-image-708\" srcset=\"https:\/\/icsvmi.com\/wp-content\/uploads\/2020\/02\/IMG_7538-1024x575.jpg 1024w, https:\/\/icsvmi.com\/wp-content\/uploads\/2020\/02\/IMG_7538-300x169.jpg 300w, https:\/\/icsvmi.com\/wp-content\/uploads\/2020\/02\/IMG_7538-768x431.jpg 768w, https:\/\/icsvmi.com\/wp-content\/uploads\/2020\/02\/IMG_7538-1536x863.jpg 1536w, https:\/\/icsvmi.com\/wp-content\/uploads\/2020\/02\/IMG_7538-2048x1150.jpg 2048w\" sizes=\"(max-width: 1024px) 100vw, 1024px\" \/><\/figure>\n\n\n\n<p class=\"has-text-align-justify\">Nos aseguramos que nuestros pallets madera sean fabricados a las especificaciones exactas del cliente,  manteni\u00e9ndolos libres de riesgos sanitarios y percances para la transportaci\u00f3n de los productos de nuestros clientes. Ofrecemos todo tipo de tarimas en madera y cart\u00f3n dando costos competitivos, materiales con calidad garantizada con el fin de garantizar la satisfacci\u00f3n total de nuestros clientes.<\/p>\n\n\n\n<h2 class=\"wp-block-heading\">Nuestras capacidades en tarimas son:<\/h2>\n\n\n\n<ul class=\"wp-block-list\">\n<li>Palets Nueva Calidad Premium. Madera importada y \/ o estadounidense.<\/li>\n\n\n\n<li>Paletas de madera blanda o de madera dura o estandarizadas.<\/li>\n\n\n\n<li>Tarimas de plywood.<\/li>\n\n\n\n<li>Paletas recicladas (usadas; todos los tipos de grado).<\/li>\n\n\n\n<li>Paletas H\u00edbridas. (uso de diferentes grados de material)<\/li>\n\n\n\n<li>Dise\u00f1os personalizados en madera o corrugado o una combinaci\u00f3n de ambos.<\/li>\n\n\n\n<li>Cajones o cajas de embalaje. Art\u00edculos especiales hechos a la medida del cliente.<\/li>\n<\/ul>\n\n\n\n<p class=\"has-text-align-justify\"><strong>ICS VMI Group<\/strong> guarantees the correct handling of <a href=\"https:\/\/www.gob.mx\/cms\/uploads\/attachment\/file\/62282\/NIMF_15__abril_2014.pdf\">NIMF-15 Thermal Treatment<\/a> for wood pallets.  The thermal treatment of the pallets is the sterilization of the wood by means of the application of heat and \/ or humidity control until reaching quality standards according to the regulations of this product.<\/p>\n\n\n\n<p>Los pallets pasan una c\u00e1mara para tratamiento t\u00e9rmico de alto desempe\u00f1o, energ\u00e9ticamente eficiente y segura. <\/p>\n\n\n\n<p class=\"has-text-align-justify translation-block\">Este procedimiento fitosanitario es de car\u00e1cter obligatorio al momento de adquirir cualquier material de embalaje para transporte de mercanc\u00eda en tarimas de madera. Gracias al tratamiento de pallets conforme a la normativa <a href=\"https:\/\/www.gob.mx\/cms\/uploads\/attachment\/file\/62282\/NIMF_15__abril_2014.pdf\" target=\"_self\">NIMF-15<\/a> podemos evitar la proliferaci\u00f3n de plagas en los pallets y asegurar que sus cargamentos no son detenidos por aduanas.<\/p>\n\n\n\n<p class=\"has-text-align-justify translation-block\">Una vez que nuestros pallets de madera han sido tratados conforme a los procedimientos y m\u00e9todos del <a href=\"http:\/\/www.fao.org\/3\/a-mb160e.pdf\" target=\"_self\">NIMF-15<\/a> son marcados a trav\u00e9s de nuestro c\u00f3digo de pa\u00eds, el n\u00famero de licencia de ICS VMI y las iniciales HT que hacen referencia al tratamiento t\u00e9rmico.<\/p>\n\n\n\n<h2 class=\"wp-block-heading\">&nbsp;Beneficios de Nuestra L\u00ednea Premium <\/h2>\n\n\n\n<ul class=\"wp-block-list\">\n<li>Mayor capacidad de carga y reducci\u00f3n de da\u00f1os imprevistos.<\/li>\n\n\n\n<li>Madera en distintos tipos nacionales e importados.<\/li>\n\n\n\n<li>Calidad en la fabricaci\u00f3n cumpliendo con las especificaciones del cliente.<\/li>\n\n\n\n<li>Sometidos a tratamientos t\u00e9rmicos que cumplen con la normativa internacional.<\/li>\n\n\n\n<li>Reutilizable y sujetos a programas de recuperaci\u00f3n de materiales.<\/li>\n<\/ul>\n\n\n\n<p class=\"has-text-align-justify translation-block\">Nuestra capacidades nos ha permitido mantener un amplio stock en diferentes tipos de material de madera nueva o reciclada, ICS VMI puede producir diariamente una extensa demanda de pallets o contenedores en calidad premium para tus necesidades de traslado de productos.  Nuestras plantas de manofactura tambi\u00e9n ponen a disposici\u00f3n la opci\u00f3n de almacenaje y suministros JIT de productos en respuesta a las necesidades diarias de nuestros clientes.<\/p>\n\n\n\n<figure class=\"wp-block-image size-full\"><img decoding=\"async\" width=\"256\" height=\"256\" src=\"https:\/\/icsvmi.com\/wp-content\/uploads\/2026\/04\/iso-9001.png\" alt=\"\" class=\"wp-image-9460\" srcset=\"https:\/\/icsvmi.com\/wp-content\/uploads\/2026\/04\/iso-9001.png 256w, https:\/\/icsvmi.com\/wp-content\/uploads\/2026\/04\/iso-9001-150x150.png 150w, https:\/\/icsvmi.com\/wp-content\/uploads\/2026\/04\/iso-9001-12x12.png 12w, https:\/\/icsvmi.com\/wp-content\/uploads\/2026\/04\/iso-9001-75x75.png 75w\" sizes=\"(max-width: 256px) 100vw, 256px\" \/><\/figure>","protected":false},"excerpt":{"rendered":"<p>The use of pallets is essential in international trade for the movement and protection of goods and merchandise, ICS VMI Group gives you the security<a href=\"https:\/\/icsvmi.com\/es\/unidades-negocio\/tarimas-madera-carton\/\" class=\"more-link\">Ver m\u00e1s<\/a><\/p>","protected":false},"author":1,"featured_media":600,"parent":965,"menu_order":1,"comment_status":"closed","ping_status":"closed","template":"","meta":{"footnotes":""},"class_list":["post-980","page","type-page","status-publish","has-post-thumbnail","hentry"],"_links":{"self":[{"href":"https:\/\/icsvmi.com\/es\/wp-json\/wp\/v2\/pages\/980","targetHints":{"allow":["GET"]}}],"collection":[{"href":"https:\/\/icsvmi.com\/es\/wp-json\/wp\/v2\/pages"}],"about":[{"href":"https:\/\/icsvmi.com\/es\/wp-json\/wp\/v2\/types\/page"}],"author":[{"embeddable":true,"href":"https:\/\/icsvmi.com\/es\/wp-json\/wp\/v2\/users\/1"}],"replies":[{"embeddable":true,"href":"https:\/\/icsvmi.com\/es\/wp-json\/wp\/v2\/comments?post=980"}],"version-history":[{"count":3,"href":"https:\/\/icsvmi.com\/es\/wp-json\/wp\/v2\/pages\/980\/revisions"}],"predecessor-version":[{"id":9461,"href":"https:\/\/icsvmi.com\/es\/wp-json\/wp\/v2\/pages\/980\/revisions\/9461"}],"up":[{"embeddable":true,"href":"https:\/\/icsvmi.com\/es\/wp-json\/wp\/v2\/pages\/965"}],"wp:featuredmedia":[{"embeddable":true,"href":"https:\/\/icsvmi.com\/es\/wp-json\/wp\/v2\/media\/600"}],"wp:attachment":[{"href":"https:\/\/icsvmi.com\/es\/wp-json\/wp\/v2\/media?parent=980"}],"curies":[{"name":"wp","href":"https:\/\/api.w.org\/{rel}","templated":true}]}}